{"id":3,"date":"2022-07-06T13:46:39","date_gmt":"2022-07-06T13:46:39","guid":{"rendered":"http:\/\/martinreich.net\/?page_id=3"},"modified":"2024-04-21T16:16:59","modified_gmt":"2024-04-21T16:16:59","slug":"privacy-policy","status":"publish","type":"page","link":"https:\/\/martinreich.net\/en\/privacy-policy\/","title":{"rendered":"privacy policy"},"content":{"rendered":"\n<p class=\"has-text-color has-link-color wp-elements-26d52c39eb123e5e2a34843da0d74cdf\" style=\"color:#8b8b8b\">Angaben gem\u00e4\u00df \u00a7 5 TMG:<br><br>2024 \u00a9 Martin Reich, VG Bild-Kunst, Bonn. All rights reserved.<br><br>email: contact[at]martinreich.net<br><br>Martin Reich<br>Windorfer Stra\u00dfe 78<br>04229 Leipzig<br>Germany<br><\/p>\n\n\n\n<p class=\"has-text-color has-link-color wp-elements-13517226a48f9877d42c0574b71beb88\" style=\"color:#8b8b8b\">The images may not be reproduced without a written permission by the author.<br>The outline representation may indicate the vision of the author, but the content of this site is not subject to completeness, accuracy or actuality.<br>You are able to link the website, but coincidentally be noticed that I don&#8217;t feel responsible for any related information or site.<\/p>\n\n\n\n<p class=\"has-text-color has-link-color wp-elements-019ee3b7f563a92cc2fbd2c7c13c292f\" style=\"color:#8b8b8b\">Haftungsausschluss\/Disclaimer:<\/p>\n\n\n\n<p class=\"has-text-color has-link-color wp-elements-cf5081a4bb8d96b72bc1c85a19537463\" style=\"color:#8b8b8b\">Haftung f\u00fcr Inhalte<\/p>\n\n\n\n<p class=\"has-text-color has-link-color wp-elements-af3490112501cf523855e07f9172fcd2\" style=\"color:#8b8b8b\">Die Inhalte dieser Seiten wurden mit gr\u00f6\u00dfter Sorgfalt erstellt. F\u00fcr die Richtigkeit, Vollst\u00e4ndigkeit und Aktualit\u00e4t der Inhalte kann ich jedoch keine Gew\u00e4hr \u00fcbernehmen. Als Diensteanbieter bin ich gem\u00e4\u00df \u00a7 7 Abs.1 TMG f\u00fcr eigene Inhalte auf diesen Seiten nach den allgemeinen Gesetzen verantwortlich. Nach \u00a7\u00a7 8 bis 10 TMG bin ich als Diensteanbieter jedoch nicht verpflichtet, \u00fcbermittelte oder gespeicherte fremde Informationen zu \u00fcberwachen oder nach Umst\u00e4nden zu forschen, die auf eine rechtswidrige T\u00e4tigkeit hinweisen.<br>Verpflichtungen zur Entfernung oder Sperrung der Nutzung von Informationen nach den allgemeinen Gesetzen bleiben hiervon unber\u00fchrt.<br>Eine diesbez\u00fcgliche Haftung ist jedoch erst ab dem Zeitpunkt der Kenntnis einer konkreten Rechtsverletzung m\u00f6glich. Bei Bekanntwerden von entsprechenden Rechtsverletzungen werde ich diese Inhalte umgehend entfernen.<\/p>\n\n\n\n<p class=\"has-text-color has-link-color wp-elements-fa4309c696499d8862a277cc29a0c950\" style=\"color:#8b8b8b\">Haftung f\u00fcr Links<\/p>\n\n\n\n<p class=\"has-text-color has-link-color wp-elements-6605e5dc4fd960167c406abb738f4dff\" style=\"color:#8b8b8b\">Mein Angebot enth\u00e4lt Links zu externen Webseiten Dritter, auf deren Inhalte ich keinen Einfluss habe. Deshalb kann ich f\u00fcr diese fremden Inhalte auch keine Gew\u00e4hr \u00fcbernehmen. F\u00fcr die Inhalte der verlinkten Seiten ist stets der jeweilige Anbieter oder Betreiber der Seiten verantwortlich. Die verlinkten Seiten wurden zum Zeitpunkt der Verlinkung auf m\u00f6gliche Rechtsverst\u00f6\u00dfe \u00fcberpr\u00fcft. Rechtswidrige Inhalte waren zum Zeitpunkt der Verlinkung nicht erkennbar. Eine permanente inhaltliche Kontrolle der verlinkten Seiten ist jedoch ohne<br>konkrete Anhaltspunkte einer Rechtsverletzung nicht zumutbar. Bei Bekanntwerden von Rechtsverletzungen werde ich derartige Links umgehend entfernen.<\/p>\n\n\n\n<p class=\"has-text-color has-link-color wp-elements-24a639eaab60e224ec3710bbb67e5c7a\" style=\"color:#8b8b8b\">Urheberrecht<\/p>\n\n\n\n<p class=\"has-text-color has-link-color wp-elements-db4c2b9c38c62a667626c3ea19eb3388\" style=\"color:#8b8b8b\">Die durch den Seitenbetreiber erstellten Inhalte und Werke auf diesen Seiten unterliegen dem deutschen Urheberrecht. Die Vervielf\u00e4ltigung, Bearbeitung, Verbreitung und jede Art der Verwertung au\u00dferhalb der Grenzen des Urheberrechtes bed\u00fcrfen der schriftlichen Zustimmung des jeweiligen Autors bzw. des Erstellers. Downloads und Kopien dieser Seite sind nur f\u00fcr den privaten, nicht kommerziellen Gebrauch gestattet.<br>Soweit die Inhalte auf dieser Seite nicht von mir erstellt wurden, werden die Urheberrechte Dritter beachtet. Insbesondere werden Inhalte Dritter als solche gekennzeichnet. Sollten Sie trotzdem auf eine Urheberrechtsverletzung aufmerksam werden, bitte ich um einen entsprechenden Hinweis.<br>Bei Bekanntwerden von Rechtsverletzungen werde ich derartige Inhalte umgehend entfernen.<\/p>\n\n\n\n<p class=\"has-text-color has-link-color wp-elements-b1385c48c5a78509b4b68875cc26cc44\" style=\"color:#8b8b8b\">Datenschutz<\/p>\n\n\n\n<p class=\"has-text-color has-link-color wp-elements-919e0410808b10676ef59e40dcdad094\" style=\"color:#8b8b8b\">Die Nutzung dieser Webseite ist in der Regel ohne Angabe personenbezogener Daten m\u00f6glich. Der Betreiber der Seiten beh\u00e4lt sich ausdr\u00fccklich rechtliche Schritte im Falle der unverlangten Zusendung von Werbeinformationen, etwa durch Spam-Mails, vor.<\/p>\n\n\n\n<p class=\"has-text-color has-link-color wp-elements-bbbbe39cba0f8ac11e29cf0692acee6c\" style=\"color:#8b8b8b\">Keine Abmahnung ohne vorherigen Kontakt<\/p>\n\n\n\n<p class=\"has-text-color has-link-color wp-elements-126432ebbeff8c0f2684c1c4640968a8\" style=\"color:#8b8b8b\">Sollte der Inhalt oder die Aufmachung dieser Seiten fremde Rechte Dritter oder gesetzliche Bestimmungen verletzen, so bitte ich um eine entsprechende Nachricht ohne Kostennote. Ich garantiere, dass die zu Recht beanstandeten Passagen unverz\u00fcglich entfernt werden, ohne dass die Einschaltung eines Rechtsbeistandes erforderlich ist.<br>Dennoch ohne vorherige Kontaktaufnahme ausgel\u00f6ste Kosten werde ich vollumf\u00e4nglich zur\u00fcckweisen und gegebenenfalls Gegenklage wegen Verletzung vorgenannter Bestimmungen einreichen.<\/p>\n","protected":false},"excerpt":{"rendered":"<p>Angaben gem\u00e4\u00df \u00a7 5 TMG: 2024 \u00a9 Martin Reich, VG Bild-Kunst, Bonn. All rights reserved. email: contact[at]martinreich.net Martin ReichWindorfer Stra\u00dfe 7804229 LeipzigGermany The images may not be reproduced without a written permission by the author.The outline representation may indicate the vision of the author, but the content of this site is not subject to completeness, [&hellip;]<\/p>\n","protected":false},"author":1,"featured_media":0,"parent":0,"menu_order":0,"comment_status":"closed","ping_status":"open","template":"","meta":{"footnotes":""},"class_list":["post-3","page","type-page","status-publish","hentry"],"yoast_head":"<!-- This site is optimized with the Yoast SEO plugin v27.3 - https:\/\/yoast.com\/product\/yoast-seo-wordpress\/ -->\n<title>privacy policy - martin reich<\/title>\n<meta name=\"robots\" content=\"index, follow, max-snippet:-1, max-image-preview:large, max-video-preview:-1\" \/>\n<link rel=\"canonical\" href=\"https:\/\/martinreich.net\/en\/privacy-policy\/\" \/>\n<meta property=\"og:locale\" content=\"en_US\" \/>\n<meta property=\"og:type\" content=\"article\" \/>\n<meta property=\"og:title\" content=\"privacy policy - martin reich\" \/>\n<meta property=\"og:description\" content=\"Angaben gem\u00e4\u00df \u00a7 5 TMG: 2024 \u00a9 Martin Reich, VG Bild-Kunst, Bonn. All rights reserved. email: contact[at]martinreich.net Martin ReichWindorfer Stra\u00dfe 7804229 LeipzigGermany The images may not be reproduced without a written permission by the author.The outline representation may indicate the vision of the author, but the content of this site is not subject to completeness, [&hellip;]\" \/>\n<meta property=\"og:url\" content=\"https:\/\/martinreich.net\/en\/privacy-policy\/\" \/>\n<meta property=\"og:site_name\" content=\"martin reich\" \/>\n<meta property=\"article:modified_time\" content=\"2024-04-21T16:16:59+00:00\" \/>\n<meta name=\"twitter:card\" content=\"summary_large_image\" \/>\n<meta name=\"twitter:label1\" content=\"Est. reading time\" \/>\n\t<meta name=\"twitter:data1\" content=\"3 minutes\" \/>\n<script type=\"application\/ld+json\" class=\"yoast-schema-graph\">{\"@context\":\"https:\\\/\\\/schema.org\",\"@graph\":[{\"@type\":\"WebPage\",\"@id\":\"https:\\\/\\\/martinreich.net\\\/de\\\/privacy-policy\\\/\",\"url\":\"https:\\\/\\\/martinreich.net\\\/de\\\/privacy-policy\\\/\",\"name\":\"privacy policy - martin reich\",\"isPartOf\":{\"@id\":\"https:\\\/\\\/martinreich.net\\\/de\\\/#website\"},\"datePublished\":\"2022-07-06T13:46:39+00:00\",\"dateModified\":\"2024-04-21T16:16:59+00:00\",\"breadcrumb\":{\"@id\":\"https:\\\/\\\/martinreich.net\\\/de\\\/privacy-policy\\\/#breadcrumb\"},\"inLanguage\":\"en-US\",\"potentialAction\":[{\"@type\":\"ReadAction\",\"target\":[\"https:\\\/\\\/martinreich.net\\\/de\\\/privacy-policy\\\/\"]}]},{\"@type\":\"BreadcrumbList\",\"@id\":\"https:\\\/\\\/martinreich.net\\\/de\\\/privacy-policy\\\/#breadcrumb\",\"itemListElement\":[{\"@type\":\"ListItem\",\"position\":1,\"name\":\"Startseite\",\"item\":\"https:\\\/\\\/martinreich.net\\\/\"},{\"@type\":\"ListItem\",\"position\":2,\"name\":\"privacy policy\"}]},{\"@type\":\"WebSite\",\"@id\":\"https:\\\/\\\/martinreich.net\\\/de\\\/#website\",\"url\":\"https:\\\/\\\/martinreich.net\\\/de\\\/\",\"name\":\"martin reich\",\"description\":\"\",\"publisher\":{\"@id\":\"https:\\\/\\\/martinreich.net\\\/de\\\/#\\\/schema\\\/person\\\/6efe0904f6a5f8733e83478c032dbf4f\"},\"potentialAction\":[{\"@type\":\"SearchAction\",\"target\":{\"@type\":\"EntryPoint\",\"urlTemplate\":\"https:\\\/\\\/martinreich.net\\\/de\\\/?s={search_term_string}\"},\"query-input\":{\"@type\":\"PropertyValueSpecification\",\"valueRequired\":true,\"valueName\":\"search_term_string\"}}],\"inLanguage\":\"en-US\"},{\"@type\":[\"Person\",\"Organization\"],\"@id\":\"https:\\\/\\\/martinreich.net\\\/de\\\/#\\\/schema\\\/person\\\/6efe0904f6a5f8733e83478c032dbf4f\",\"name\":\"admin\",\"image\":{\"@type\":\"ImageObject\",\"inLanguage\":\"en-US\",\"@id\":\"https:\\\/\\\/secure.gravatar.com\\\/avatar\\\/138bc89667a03a281fc2955f83120c84d41764f1e430da26860e4783d75bbbdd?s=96&d=mm&r=g\",\"url\":\"https:\\\/\\\/secure.gravatar.com\\\/avatar\\\/138bc89667a03a281fc2955f83120c84d41764f1e430da26860e4783d75bbbdd?s=96&d=mm&r=g\",\"contentUrl\":\"https:\\\/\\\/secure.gravatar.com\\\/avatar\\\/138bc89667a03a281fc2955f83120c84d41764f1e430da26860e4783d75bbbdd?s=96&d=mm&r=g\",\"caption\":\"admin\"},\"logo\":{\"@id\":\"https:\\\/\\\/secure.gravatar.com\\\/avatar\\\/138bc89667a03a281fc2955f83120c84d41764f1e430da26860e4783d75bbbdd?s=96&d=mm&r=g\"},\"sameAs\":[\"http:\\\/\\\/martinreich.net\"]}]}<\/script>\n<!-- \/ Yoast SEO plugin. -->","yoast_head_json":{"title":"privacy policy - martin reich","robots":{"index":"index","follow":"follow","max-snippet":"max-snippet:-1","max-image-preview":"max-image-preview:large","max-video-preview":"max-video-preview:-1"},"canonical":"https:\/\/martinreich.net\/en\/privacy-policy\/","og_locale":"en_US","og_type":"article","og_title":"privacy policy - martin reich","og_description":"Angaben gem\u00e4\u00df \u00a7 5 TMG: 2024 \u00a9 Martin Reich, VG Bild-Kunst, Bonn. All rights reserved. email: contact[at]martinreich.net Martin ReichWindorfer Stra\u00dfe 7804229 LeipzigGermany The images may not be reproduced without a written permission by the author.The outline representation may indicate the vision of the author, but the content of this site is not subject to completeness, [&hellip;]","og_url":"https:\/\/martinreich.net\/en\/privacy-policy\/","og_site_name":"martin reich","article_modified_time":"2024-04-21T16:16:59+00:00","twitter_card":"summary_large_image","twitter_misc":{"Est. reading time":"3 minutes"},"schema":{"@context":"https:\/\/schema.org","@graph":[{"@type":"WebPage","@id":"https:\/\/martinreich.net\/de\/privacy-policy\/","url":"https:\/\/martinreich.net\/de\/privacy-policy\/","name":"privacy policy - martin reich","isPartOf":{"@id":"https:\/\/martinreich.net\/de\/#website"},"datePublished":"2022-07-06T13:46:39+00:00","dateModified":"2024-04-21T16:16:59+00:00","breadcrumb":{"@id":"https:\/\/martinreich.net\/de\/privacy-policy\/#breadcrumb"},"inLanguage":"en-US","potentialAction":[{"@type":"ReadAction","target":["https:\/\/martinreich.net\/de\/privacy-policy\/"]}]},{"@type":"BreadcrumbList","@id":"https:\/\/martinreich.net\/de\/privacy-policy\/#breadcrumb","itemListElement":[{"@type":"ListItem","position":1,"name":"Startseite","item":"https:\/\/martinreich.net\/"},{"@type":"ListItem","position":2,"name":"privacy policy"}]},{"@type":"WebSite","@id":"https:\/\/martinreich.net\/de\/#website","url":"https:\/\/martinreich.net\/de\/","name":"martin reich","description":"","publisher":{"@id":"https:\/\/martinreich.net\/de\/#\/schema\/person\/6efe0904f6a5f8733e83478c032dbf4f"},"potentialAction":[{"@type":"SearchAction","target":{"@type":"EntryPoint","urlTemplate":"https:\/\/martinreich.net\/de\/?s={search_term_string}"},"query-input":{"@type":"PropertyValueSpecification","valueRequired":true,"valueName":"search_term_string"}}],"inLanguage":"en-US"},{"@type":["Person","Organization"],"@id":"https:\/\/martinreich.net\/de\/#\/schema\/person\/6efe0904f6a5f8733e83478c032dbf4f","name":"admin","image":{"@type":"ImageObject","inLanguage":"en-US","@id":"https:\/\/secure.gravatar.com\/avatar\/138bc89667a03a281fc2955f83120c84d41764f1e430da26860e4783d75bbbdd?s=96&d=mm&r=g","url":"https:\/\/secure.gravatar.com\/avatar\/138bc89667a03a281fc2955f83120c84d41764f1e430da26860e4783d75bbbdd?s=96&d=mm&r=g","contentUrl":"https:\/\/secure.gravatar.com\/avatar\/138bc89667a03a281fc2955f83120c84d41764f1e430da26860e4783d75bbbdd?s=96&d=mm&r=g","caption":"admin"},"logo":{"@id":"https:\/\/secure.gravatar.com\/avatar\/138bc89667a03a281fc2955f83120c84d41764f1e430da26860e4783d75bbbdd?s=96&d=mm&r=g"},"sameAs":["http:\/\/martinreich.net"]}]}},"_links":{"self":[{"href":"https:\/\/martinreich.net\/en\/wp-json\/wp\/v2\/pages\/3","targetHints":{"allow":["GET"]}}],"collection":[{"href":"https:\/\/martinreich.net\/en\/wp-json\/wp\/v2\/pages"}],"about":[{"href":"https:\/\/martinreich.net\/en\/wp-json\/wp\/v2\/types\/page"}],"author":[{"embeddable":true,"href":"https:\/\/martinreich.net\/en\/wp-json\/wp\/v2\/users\/1"}],"replies":[{"embeddable":true,"href":"https:\/\/martinreich.net\/en\/wp-json\/wp\/v2\/comments?post=3"}],"version-history":[{"count":5,"href":"https:\/\/martinreich.net\/en\/wp-json\/wp\/v2\/pages\/3\/revisions"}],"predecessor-version":[{"id":1702,"href":"https:\/\/martinreich.net\/en\/wp-json\/wp\/v2\/pages\/3\/revisions\/1702"}],"wp:attachment":[{"href":"https:\/\/martinreich.net\/en\/wp-json\/wp\/v2\/media?parent=3"}],"curies":[{"name":"wp","href":"https:\/\/api.w.org\/{rel}","templated":true}]}}